{"id":11115,"date":"2024-10-30T23:09:05","date_gmt":"2024-10-30T22:09:05","guid":{"rendered":"https:\/\/prime-datacenter.de\/?page_id=11115"},"modified":"2025-07-08T10:05:49","modified_gmt":"2025-07-08T08:05:49","slug":"impessum","status":"publish","type":"page","link":"https:\/\/prime-datacenter.de\/en\/impessum\/","title":{"rendered":"Imprint"},"content":{"rendered":"<div data-elementor-type=\"wp-page\" data-elementor-id=\"11115\" class=\"elementor elementor-11115\">\n\t\t\t\t<div class=\"elementor-element elementor-element-7d0de61 e-flex e-con-boxed e-con e-parent\" data-id=\"7d0de61\" data-element_type=\"container\" data-e-type=\"container\">\n\t\t\t\t\t<div class=\"e-con-inner\">\n\t\t\t\t<div class=\"elementor-element elementor-element-9061da1 elementor-widget elementor-widget-text-editor\" data-id=\"9061da1\" data-element_type=\"widget\" data-e-type=\"widget\" data-widget_type=\"text-editor.default\">\n\t\t\t\t<div class=\"elementor-widget-container\">\n\t\t\t\t\t\t\t\t\t<p><strong>Service provider<\/strong><\/p><p>PRIME Datacenter ERK GmbH<br \/>Robert-Perthel-Stra\u00dfe 71-73<br \/>50739 K\u00f6ln<\/p><p><strong>Contact options<\/strong><\/p><p>E-mail address: info@prime-datacenter.de<\/p><p>Phone: +49 2431 8779660<\/p><p>Contact form: https:\/\/prime-datacenter.de\/contact\/<\/p><p><strong>Register and register number<\/strong><br \/>Commercial register<\/p><p>Registered at: Cologne Local Court<\/p><p>Number: HRB75087<\/p><p><strong>Liability and intellectual property rights<br \/><\/strong><br \/>Disclaimer: The contents of this online offer have been compiled carefully and according to our current state of knowledge, but are for information purposes only and have no legally binding effect, unless they are legally binding information (e.g. the imprint, the data protection declaration, general terms and conditions or mandatory instructions for consumers). We reserve the right to change or delete the content in whole or in part, provided that contractual obligations remain unaffected. All offers are subject to change and non-binding.<\/p>\t\t\t\t\t\t\t\t<\/div>\n\t\t\t\t<\/div>\n\t\t\t\t\t<\/div>\n\t\t\t\t<\/div>\n\t\t\t\t<\/div>","protected":false},"excerpt":{"rendered":"<p>Diensteanbieter PRIME Datacenter ERK GmbHRobert-Perthel-Stra\u00dfe 71-7350739 K\u00f6ln Kontaktm\u00f6glichkeiten E-Mail-Adresse: info@prime-datacenter.de Telefon: +49 2431 8779660 Kontaktformular: https:\/\/prime-datacenter.de\/contact\/ Register und RegisternummerHandelsregister Gef\u00fchrt bei: Amtsgericht K\u00f6ln Nummer: HRB75087 Haftungs- und SchutzrechtshinweiseHaftungsausschluss: Die Inhalte dieses Onlineangebotes wurden sorgf\u00e4ltig und nach unserem aktuellen Kenntnisstand erstellt, dienen jedoch nur der Information und entfalten keine rechtlich bindende Wirkung, sofern es sich nicht&#8230;<\/p>","protected":false},"author":1,"featured_media":0,"parent":0,"menu_order":0,"comment_status":"closed","ping_status":"closed","template":"","meta":{"inline_featured_image":false,"footnotes":""},"class_list":["post-11115","page","type-page","status-publish","hentry"],"aioseo_notices":[],"_links":{"self":[{"href":"https:\/\/prime-datacenter.de\/en\/wp-json\/wp\/v2\/pages\/11115","targetHints":{"allow":["GET"]}}],"collection":[{"href":"https:\/\/prime-datacenter.de\/en\/wp-json\/wp\/v2\/pages"}],"about":[{"href":"https:\/\/prime-datacenter.de\/en\/wp-json\/wp\/v2\/types\/page"}],"author":[{"embeddable":true,"href":"https:\/\/prime-datacenter.de\/en\/wp-json\/wp\/v2\/users\/1"}],"replies":[{"embeddable":true,"href":"https:\/\/prime-datacenter.de\/en\/wp-json\/wp\/v2\/comments?post=11115"}],"version-history":[{"count":23,"href":"https:\/\/prime-datacenter.de\/en\/wp-json\/wp\/v2\/pages\/11115\/revisions"}],"predecessor-version":[{"id":11762,"href":"https:\/\/prime-datacenter.de\/en\/wp-json\/wp\/v2\/pages\/11115\/revisions\/11762"}],"wp:attachment":[{"href":"https:\/\/prime-datacenter.de\/en\/wp-json\/wp\/v2\/media?parent=11115"}],"curies":[{"name":"wp","href":"https:\/\/api.w.org\/{rel}","templated":true}]}}